{"id":4663,"date":"2021-01-13T10:16:35","date_gmt":"2021-01-13T10:16:35","guid":{"rendered":"https:\/\/estanco1.es\/p\/4663\/import-placeholder-for-1049\/"},"modified":"2021-01-15T19:57:50","modified_gmt":"2021-01-15T19:57:50","slug":"maquina-liar-caja-pequena-ocb","status":"publish","type":"product","link":"https:\/\/estanco1.net\/fr\/p\/4663\/maquina-liar-caja-pequena-ocb\/","title":{"rendered":"M\u00e1quina liar caja peque\u00f1a OCB"},"content":{"rendered":"<p>M\u00e1quina de OCB para liar cigarrillos con papel peque\u00f1o o regular en formato caja met\u00e1lica donde poder guardar y transportar tu tabaco, filros y papel.<\/p>\n","protected":false},"excerpt":{"rendered":"<p>M\u00e1quina de liar de ocb en formato caja met\u00e1lica para liar cigarrillos peque\u00f1os<\/p>\n","protected":false},"featured_media":5464,"template":"","meta":[],"_links":{"self":[{"href":"https:\/\/estanco1.net\/fr\/wp-json\/wp\/v2\/product\/4663"}],"collection":[{"href":"https:\/\/estanco1.net\/fr\/wp-json\/wp\/v2\/product"}],"about":[{"href":"https:\/\/estanco1.net\/fr\/wp-json\/wp\/v2\/types\/product"}],"wp:featuredmedia":[{"embeddable":true,"href":"https:\/\/estanco1.net\/fr\/wp-json\/wp\/v2\/media\/5464"}],"wp:attachment":[{"href":"https:\/\/estanco1.net\/fr\/wp-json\/wp\/v2\/media?parent=4663"}],"curies":[{"name":"wp","href":"https:\/\/api.w.org\/{rel}","templated":true}]}}