{"id":4662,"date":"2021-01-13T10:16:35","date_gmt":"2021-01-13T10:16:35","guid":{"rendered":"https:\/\/estanco1.es\/p\/4662\/import-placeholder-for-1048\/"},"modified":"2021-01-15T19:53:52","modified_gmt":"2021-01-15T19:53:52","slug":"maquina-liar-caja-1-1-4-ocb","status":"publish","type":"product","link":"https:\/\/estanco1.net\/fr\/p\/4662\/maquina-liar-caja-1-1-4-ocb\/","title":{"rendered":"M\u00e1quina liar caja 1 1\/4 OCB"},"content":{"rendered":"<p>M\u00e1quina de liar de OCB en formato caja met\u00e1lica donde guardar tu tabaco de liar, papeles y filtros. Para liar cigarrillos con papel medium o de tama\u00f1o 1 1\/4.<\/p>\n","protected":false},"excerpt":{"rendered":"<p>M\u00e1quina de OCB formato caja compacta, tama\u00f1o 1 1\/4<\/p>\n","protected":false},"featured_media":5466,"template":"","meta":[],"_links":{"self":[{"href":"https:\/\/estanco1.net\/fr\/wp-json\/wp\/v2\/product\/4662"}],"collection":[{"href":"https:\/\/estanco1.net\/fr\/wp-json\/wp\/v2\/product"}],"about":[{"href":"https:\/\/estanco1.net\/fr\/wp-json\/wp\/v2\/types\/product"}],"wp:featuredmedia":[{"embeddable":true,"href":"https:\/\/estanco1.net\/fr\/wp-json\/wp\/v2\/media\/5466"}],"wp:attachment":[{"href":"https:\/\/estanco1.net\/fr\/wp-json\/wp\/v2\/media?parent=4662"}],"curies":[{"name":"wp","href":"https:\/\/api.w.org\/{rel}","templated":true}]}}