{"id":4661,"date":"2021-01-13T10:16:35","date_gmt":"2021-01-13T10:16:35","guid":{"rendered":"https:\/\/estanco1.es\/p\/4661\/import-placeholder-for-1047\/"},"modified":"2021-01-15T19:50:52","modified_gmt":"2021-01-15T19:50:52","slug":"maquina-liar-papel-pequeno-ocb","status":"publish","type":"product","link":"https:\/\/estanco1.net\/fr\/p\/4661\/maquina-liar-papel-pequeno-ocb\/","title":{"rendered":"M\u00e1quina liar papel peque\u00f1o OCB"},"content":{"rendered":"<p>M\u00e1quina manual de OCB para liar cigarrillos con papel de tama\u00f1o regular o peque\u00f1o. M\u00e1quina de rodillos para liar cigarrillos peque\u00f1os y compactos.<\/p>\n","protected":false},"excerpt":{"rendered":"<p>M\u00e1quina OCB para liar cigarrillos peque\u00f1os<\/p>\n","protected":false},"featured_media":5462,"template":"","meta":[],"_links":{"self":[{"href":"https:\/\/estanco1.net\/fr\/wp-json\/wp\/v2\/product\/4661"}],"collection":[{"href":"https:\/\/estanco1.net\/fr\/wp-json\/wp\/v2\/product"}],"about":[{"href":"https:\/\/estanco1.net\/fr\/wp-json\/wp\/v2\/types\/product"}],"wp:featuredmedia":[{"embeddable":true,"href":"https:\/\/estanco1.net\/fr\/wp-json\/wp\/v2\/media\/5462"}],"wp:attachment":[{"href":"https:\/\/estanco1.net\/fr\/wp-json\/wp\/v2\/media?parent=4661"}],"curies":[{"name":"wp","href":"https:\/\/api.w.org\/{rel}","templated":true}]}}