{"id":4660,"date":"2021-01-13T10:16:35","date_gmt":"2021-01-13T10:16:35","guid":{"rendered":"https:\/\/estanco1.es\/p\/4660\/import-placeholder-for-1046\/"},"modified":"2021-01-15T19:48:29","modified_gmt":"2021-01-15T19:48:29","slug":"maquina-liar-1-4-ocb","status":"publish","type":"product","link":"https:\/\/estanco1.net\/fr\/p\/4660\/maquina-liar-1-4-ocb\/","title":{"rendered":"M\u00e1quina liar 1\/4 OCB"},"content":{"rendered":"<p>M\u00e1quina manual de OCB para liar cigarrillos con papel tama\u00f1o medium o estandar (tama\u00f1o 1 1\/4). Con esta m\u00e1quina de rodillos tus cigarros saldr\u00e1n perfectos.<\/p>\n","protected":false},"excerpt":{"rendered":"<p>M\u00e1quina ocb para liar cigarrillos tama\u00f1o medium 1 1\/4<\/p>\n","protected":false},"featured_media":5462,"template":"","meta":[],"_links":{"self":[{"href":"https:\/\/estanco1.net\/fr\/wp-json\/wp\/v2\/product\/4660"}],"collection":[{"href":"https:\/\/estanco1.net\/fr\/wp-json\/wp\/v2\/product"}],"about":[{"href":"https:\/\/estanco1.net\/fr\/wp-json\/wp\/v2\/types\/product"}],"wp:featuredmedia":[{"embeddable":true,"href":"https:\/\/estanco1.net\/fr\/wp-json\/wp\/v2\/media\/5462"}],"wp:attachment":[{"href":"https:\/\/estanco1.net\/fr\/wp-json\/wp\/v2\/media?parent=4660"}],"curies":[{"name":"wp","href":"https:\/\/api.w.org\/{rel}","templated":true}]}}