{"id":4658,"date":"2021-01-13T10:16:35","date_gmt":"2021-01-13T10:16:35","guid":{"rendered":"https:\/\/estanco1.es\/p\/4658\/import-placeholder-for-1044\/"},"modified":"2021-01-15T19:45:38","modified_gmt":"2021-01-15T19:45:38","slug":"cliper-metal-pequeno","status":"publish","type":"product","link":"https:\/\/estanco1.net\/fr\/p\/4658\/cliper-metal-pequeno\/","title":{"rendered":"Mechero clipper metal peque\u00f1o"},"content":{"rendered":"<p>Mechero clipper de metal tama\u00f1o micro en mate y en brillo. Con todas las prestaciones de clipper pero en un tama\u00f1o reducido. Viene con estuche de regalo.<\/p>\n","protected":false},"excerpt":{"rendered":"<p>Mechero clipper metal brillo o mate tama\u00f1o micro.<\/p>\n","protected":false},"featured_media":5460,"template":"","meta":[],"_links":{"self":[{"href":"https:\/\/estanco1.net\/fr\/wp-json\/wp\/v2\/product\/4658"}],"collection":[{"href":"https:\/\/estanco1.net\/fr\/wp-json\/wp\/v2\/product"}],"about":[{"href":"https:\/\/estanco1.net\/fr\/wp-json\/wp\/v2\/types\/product"}],"wp:featuredmedia":[{"embeddable":true,"href":"https:\/\/estanco1.net\/fr\/wp-json\/wp\/v2\/media\/5460"}],"wp:attachment":[{"href":"https:\/\/estanco1.net\/fr\/wp-json\/wp\/v2\/media?parent=4658"}],"curies":[{"name":"wp","href":"https:\/\/api.w.org\/{rel}","templated":true}]}}