{"id":4652,"date":"2021-01-13T10:16:34","date_gmt":"2021-01-13T10:16:34","guid":{"rendered":"https:\/\/estanco1.es\/p\/4652\/import-placeholder-for-1038\/"},"modified":"2021-01-15T20:00:47","modified_gmt":"2021-01-15T20:00:47","slug":"papel-ocb-virgin","status":"publish","type":"product","link":"https:\/\/estanco1.net\/fr\/p\/4652\/papel-ocb-virgin\/","title":{"rendered":"Papel OCB virgin"},"content":{"rendered":"<p>Papel marr\u00f3n ultra fino, sin proceso de blanqueamiento, muy ligero y algo poroso. Proporciona una experiencia m\u00e1s suave al fumar sin alterar las caracter\u00edsticas que han hecho famoso al papel OCB: s\u00faper fino (13 gr \/ m\u00b2), goma ar\u00e1biga natural y su filigranado que refuerza la transparencia y la fineza del papel, garant\u00eda de calidad.<\/p>\n","protected":false},"excerpt":{"rendered":"<p>El estuche de papel de fumar OCB virgin consta de 50 librillos de 60 papeles de 70x36mm<\/p>\n","protected":false},"featured_media":5444,"template":"","meta":[],"_links":{"self":[{"href":"https:\/\/estanco1.net\/fr\/wp-json\/wp\/v2\/product\/4652"}],"collection":[{"href":"https:\/\/estanco1.net\/fr\/wp-json\/wp\/v2\/product"}],"about":[{"href":"https:\/\/estanco1.net\/fr\/wp-json\/wp\/v2\/types\/product"}],"wp:featuredmedia":[{"embeddable":true,"href":"https:\/\/estanco1.net\/fr\/wp-json\/wp\/v2\/media\/5444"}],"wp:attachment":[{"href":"https:\/\/estanco1.net\/fr\/wp-json\/wp\/v2\/media?parent=4652"}],"curies":[{"name":"wp","href":"https:\/\/api.w.org\/{rel}","templated":true}]}}