{"id":4643,"date":"2021-01-13T10:16:34","date_gmt":"2021-01-13T10:16:34","guid":{"rendered":"https:\/\/estanco1.es\/p\/4643\/import-placeholder-for-1029\/"},"modified":"2021-01-15T20:22:27","modified_gmt":"2021-01-15T20:22:27","slug":"filtros-mascotte-slim","status":"publish","type":"product","link":"https:\/\/estanco1.net\/fr\/p\/4643\/filtros-mascotte-slim\/","title":{"rendered":"20 bolsas de Filtros Mascotte Slim"},"content":{"rendered":"<p>El estuche de filtros mascotte consta de 20 bolsitas de 120 filtros de 6 mm con carb\u00f3n activo. El carb\u00f3n activado filtra las sustancias nocivas del humo enfri\u00e1ndolo a su paso. Se inhala menos humo y es menos perjudicial para el sistema respiratorio, Boca y dientes<\/p>\n","protected":false},"excerpt":{"rendered":"<p>El estuche de filtros mascotte consta de 20 bolsitas de 120 filtros de 6 mm con carb\u00f3n activo<\/p>\n","protected":false},"featured_media":4728,"template":"","meta":[],"_links":{"self":[{"href":"https:\/\/estanco1.net\/fr\/wp-json\/wp\/v2\/product\/4643"}],"collection":[{"href":"https:\/\/estanco1.net\/fr\/wp-json\/wp\/v2\/product"}],"about":[{"href":"https:\/\/estanco1.net\/fr\/wp-json\/wp\/v2\/types\/product"}],"wp:featuredmedia":[{"embeddable":true,"href":"https:\/\/estanco1.net\/fr\/wp-json\/wp\/v2\/media\/4728"}],"wp:attachment":[{"href":"https:\/\/estanco1.net\/fr\/wp-json\/wp\/v2\/media?parent=4643"}],"curies":[{"name":"wp","href":"https:\/\/api.w.org\/{rel}","templated":true}]}}