{"id":4642,"date":"2021-01-13T10:16:33","date_gmt":"2021-01-13T10:16:33","guid":{"rendered":"https:\/\/estanco1.es\/p\/4642\/import-placeholder-for-1028\/"},"modified":"2021-01-15T20:23:26","modified_gmt":"2021-01-15T20:23:26","slug":"filtros-natur-organicos","status":"publish","type":"product","link":"https:\/\/estanco1.net\/fr\/p\/4642\/filtros-natur-organicos\/","title":{"rendered":"20 bolsas de Filtros Natur Org\u00e1nicos"},"content":{"rendered":"<p>El estuche de filtros natur org\u00e1nico consta de 20 bolsitas de 200 filtros de 6 mm naturales. Filtros 100% org\u00e1nicos y biodegradables.Para realizar cigarrillos finos.<\/p>\n","protected":false},"excerpt":{"rendered":"<p>El estuche de filtros natur org\u00e1nico consta de 20 bolsitas de 200 filtros de 6 mm naturales<\/p>\n","protected":false},"featured_media":4726,"template":"","meta":[],"_links":{"self":[{"href":"https:\/\/estanco1.net\/fr\/wp-json\/wp\/v2\/product\/4642"}],"collection":[{"href":"https:\/\/estanco1.net\/fr\/wp-json\/wp\/v2\/product"}],"about":[{"href":"https:\/\/estanco1.net\/fr\/wp-json\/wp\/v2\/types\/product"}],"wp:featuredmedia":[{"embeddable":true,"href":"https:\/\/estanco1.net\/fr\/wp-json\/wp\/v2\/media\/4726"}],"wp:attachment":[{"href":"https:\/\/estanco1.net\/fr\/wp-json\/wp\/v2\/media?parent=4642"}],"curies":[{"name":"wp","href":"https:\/\/api.w.org\/{rel}","templated":true}]}}