{"id":4641,"date":"2021-01-13T10:16:27","date_gmt":"2021-01-13T10:16:27","guid":{"rendered":"https:\/\/estanco1.es\/p\/4641\/import-placeholder-for-1027\/"},"modified":"2021-01-15T20:25:16","modified_gmt":"2021-01-15T20:25:16","slug":"filtros-ocb-organicos","status":"publish","type":"product","link":"https:\/\/estanco1.net\/fr\/p\/4641\/filtros-ocb-organicos\/","title":{"rendered":"10 bolsas Filtros OCB Org\u00e1nicos"},"content":{"rendered":"<p>El estuche de filtros ocb org\u00e1nico consta de 10 bolsitas de 150 filtros de 6 mm naturales. Filtros 100% org\u00e1nicos y biodegradables. Compuestos por fibras de celulosa pura procedente de bosques gestionados de forma sostenible, certificados FSC. Para realizar cigarrillos finos.<\/p>\n","protected":false},"excerpt":{"rendered":"<p>El estuche de filtros ocb org\u00e1nico consta de 10 bolsitas de 150 filtros de 6 mm naturales<\/p>\n","protected":false},"featured_media":4724,"template":"","meta":[],"_links":{"self":[{"href":"https:\/\/estanco1.net\/fr\/wp-json\/wp\/v2\/product\/4641"}],"collection":[{"href":"https:\/\/estanco1.net\/fr\/wp-json\/wp\/v2\/product"}],"about":[{"href":"https:\/\/estanco1.net\/fr\/wp-json\/wp\/v2\/types\/product"}],"wp:featuredmedia":[{"embeddable":true,"href":"https:\/\/estanco1.net\/fr\/wp-json\/wp\/v2\/media\/4724"}],"wp:attachment":[{"href":"https:\/\/estanco1.net\/fr\/wp-json\/wp\/v2\/media?parent=4641"}],"curies":[{"name":"wp","href":"https:\/\/api.w.org\/{rel}","templated":true}]}}