{"id":4635,"date":"2021-01-13T10:16:27","date_gmt":"2021-01-13T10:16:27","guid":{"rendered":"https:\/\/estanco1.es\/p\/4635\/import-placeholder-for-1021\/"},"modified":"2021-01-15T20:33:43","modified_gmt":"2021-01-15T20:33:43","slug":"filtrros-carton-ocb","status":"publish","type":"product","link":"https:\/\/estanco1.net\/fr\/p\/4635\/filtrros-carton-ocb\/","title":{"rendered":"25 Filtros cart\u00f3n OCB"},"content":{"rendered":"<p>El estuche de filtros OCB de cart\u00f3n consta de 25 librillos de filtros de cart\u00f3n. Cada librito contiene 50 filtros de celulosa de color blanco. Medidas 6cm x 1,8cm<\/p>\n","protected":false},"excerpt":{"rendered":"<p>El estuche de filtros OCB de cart\u00f3n consta de 25 librillos de filtros de cart\u00f3n.<\/p>\n","protected":false},"featured_media":4712,"template":"","meta":[],"_links":{"self":[{"href":"https:\/\/estanco1.net\/fr\/wp-json\/wp\/v2\/product\/4635"}],"collection":[{"href":"https:\/\/estanco1.net\/fr\/wp-json\/wp\/v2\/product"}],"about":[{"href":"https:\/\/estanco1.net\/fr\/wp-json\/wp\/v2\/types\/product"}],"wp:featuredmedia":[{"embeddable":true,"href":"https:\/\/estanco1.net\/fr\/wp-json\/wp\/v2\/media\/4712"}],"wp:attachment":[{"href":"https:\/\/estanco1.net\/fr\/wp-json\/wp\/v2\/media?parent=4635"}],"curies":[{"name":"wp","href":"https:\/\/api.w.org\/{rel}","templated":true}]}}