{"id":4634,"date":"2021-01-13T10:16:27","date_gmt":"2021-01-13T10:16:27","guid":{"rendered":"https:\/\/estanco1.es\/p\/4634\/import-placeholder-for-1020\/"},"modified":"2021-01-15T20:35:36","modified_gmt":"2021-01-15T20:35:36","slug":"filtros-de-carton-kripton","status":"publish","type":"product","link":"https:\/\/estanco1.net\/fr\/p\/4634\/filtros-de-carton-kripton\/","title":{"rendered":"50 Filtros de cart\u00f3n Kripton"},"content":{"rendered":"<p>El estuche de filtros kripton de cart\u00f3n consta de 50 librillos de filtros de cart\u00f3n.Filtros blancos muy econ\u00f3micos. Cada folleto contiene 64 puntas con filtro<\/p>\n","protected":false},"excerpt":{"rendered":"<p>El estuche de filtros kripton de cart\u00f3n consta de 50 librillos de filtros de cart\u00f3n.<\/p>\n","protected":false},"featured_media":4710,"template":"","meta":[],"_links":{"self":[{"href":"https:\/\/estanco1.net\/fr\/wp-json\/wp\/v2\/product\/4634"}],"collection":[{"href":"https:\/\/estanco1.net\/fr\/wp-json\/wp\/v2\/product"}],"about":[{"href":"https:\/\/estanco1.net\/fr\/wp-json\/wp\/v2\/types\/product"}],"wp:featuredmedia":[{"embeddable":true,"href":"https:\/\/estanco1.net\/fr\/wp-json\/wp\/v2\/media\/4710"}],"wp:attachment":[{"href":"https:\/\/estanco1.net\/fr\/wp-json\/wp\/v2\/media?parent=4634"}],"curies":[{"name":"wp","href":"https:\/\/api.w.org\/{rel}","templated":true}]}}